{"id":308,"date":"2025-02-11T16:17:57","date_gmt":"2025-02-11T16:17:57","guid":{"rendered":"http:\/\/schlosserei-hamburg.de\/?page_id=308"},"modified":"2025-02-12T21:30:29","modified_gmt":"2025-02-12T21:30:29","slug":"datenschutz","status":"publish","type":"page","link":"http:\/\/schlosserei-hamburg.de\/?page_id=308","title":{"rendered":"Datenschutz"},"content":{"rendered":"\n\n\n<h2><span style=\"color: rgb(68, 68, 68);\">Datenschutz<\/span><\/h2>\n\n\n\n\n<h2><ul style=\"margin-block: 0px; border: 0px; outline: 0px; font-size: 16px; vertical-align: baseline; background: rgb(255, 255, 255); color: rgb(122, 122, 122); font-family: Mukta, sans-serif, Arial; font-weight: 400;\"><\/ul><\/h2><h5><font color=\"#888888\">Datenschutz<\/font><\/h5>\n<p><font color=\"#333333\" face=\"Verdana, Geneva, sans-serif\"><span style=\"font-size: 10px;\"><b>1. Einleitung<\/b><\/span><\/font><\/p><p><font color=\"#333333\" face=\"Verdana, Geneva, sans-serif\"><span style=\"font-size: 10px;\">Wir nehmen den Schutz Ihrer personenbezogenen Daten sehr ernst. Diese Datenschutzerkl\u00e4rung erkl\u00e4rt, wie wir Ihre Daten erfassen, nutzen und sch\u00fctzen, wenn Sie unsere Website http:\/\/schlosserei-hamburg.de\/ besuchen.<\/span><\/font><\/p>\n<p><font color=\"#333333\" face=\"Verdana, Geneva, sans-serif\"><span style=\"font-size: 10px;\"><b>2. Verantwortlicher<\/b><\/span><\/font><\/p><p><font color=\"#333333\" face=\"Verdana, Geneva, sans-serif\"><span style=\"font-size: 10px;\">Firmenname: Schnabel und Sass GmbH<\/span><\/font><\/p>\n<p><font color=\"#333333\" face=\"Verdana, Geneva, sans-serif\"><span style=\"font-size: 10px;\">Adresse: Wohldorfer Stra\u00dfe 11, 22081 Hamburg<\/span><\/font><\/p>\n<p><font color=\"#333333\" face=\"Verdana, Geneva, sans-serif\"><span style=\"font-size: 10px;\">E-Mail: schlosserei@schnabelundsass.de<\/span><\/font><\/p>\n<p><font color=\"#333333\" face=\"Verdana, Geneva, sans-serif\"><span style=\"font-size: 10px;\">Telefon: +49 40 293870<\/span><\/font><\/p>\n<p><span style=\"color: rgb(51, 51, 51); font-family: Verdana, Geneva, sans-serif; font-size: 10px; font-weight: 700;\">3. Rechte der Betroffenen:&nbsp;<\/span><font color=\"#333333\" face=\"Verdana, Geneva, sans-serif\"><span style=\"font-size: 10px;\">Wir erheben und verarbeiten personenbezogene Daten nur in dem Umfang, der zur Bereitstellung unserer Dienstleistungen und zur Gew\u00e4hrleistung der Funktionalit\u00e4t unserer Website erforderlich ist. Die Rechtsgrundlage hierf\u00fcr ist Artikel 6(1)(b) DSGVO (Vertragserf\u00fcllung) oder Artikel 6(1)(f) DSGVO (berechtigtes Interesse).<\/span><\/font><\/p>\n<p><font color=\"#333333\" face=\"Verdana, Geneva, sans-serif\"><span style=\"font-size: 10px;\">a) Automatisch erfasste Daten<\/span><\/font><\/p><p><font color=\"#333333\" face=\"Verdana, Geneva, sans-serif\"><span style=\"font-size: 10px;\">Wenn Sie unsere Website besuchen, werden folgende Daten automatisch von unserem Server erfasst:<\/span><\/font><\/p><p><font color=\"#333333\" face=\"Verdana, Geneva, sans-serif\"><span style=\"font-size: 10px;\">IP-Adresse<\/span><\/font><\/p><p><font color=\"#333333\" face=\"Verdana, Geneva, sans-serif\"><span style=\"font-size: 10px;\">Datum und Uhrzeit des Zugriffs<\/span><\/font><\/p><p><font color=\"#333333\" face=\"Verdana, Geneva, sans-serif\"><span style=\"font-size: 10px;\">Browsertyp und -version<\/span><\/font><\/p><p><font color=\"#333333\" face=\"Verdana, Geneva, sans-serif\"><span style=\"font-size: 10px;\">Betriebssystem<\/span><\/font><\/p><p><font color=\"#333333\" face=\"Verdana, Geneva, sans-serif\"><span style=\"font-size: 10px;\">Referrer-URL<\/span><\/font><\/p><p><font color=\"#333333\" face=\"Verdana, Geneva, sans-serif\"><span style=\"font-size: 10px;\">b) Kontaktformular und Kommunikation<\/span><\/font><\/p><p><font color=\"#333333\" face=\"Verdana, Geneva, sans-serif\"><span style=\"font-size: 10px;\">Wenn Sie uns \u00fcber unsere Website, telefonisch oder per E-Mail kontaktieren, speichern und verarbeiten wir Ihre Daten nur zum Zweck der Bearbeitung Ihrer Anfrage.<\/span><\/font><\/p><p><font color=\"#333333\" face=\"Verdana, Geneva, sans-serif\"><span style=\"font-size: 10px;\">c) Cookies und Analysen<\/span><\/font><\/p><p><font color=\"#333333\" face=\"Verdana, Geneva, sans-serif\"><span style=\"font-size: 10px;\">Unsere Website kann Cookies verwenden, um die Benutzererfahrung zu verbessern. Sie k\u00f6nnen die Cookie-Einstellungen in Ihrem Browser verwalten. Falls Analysetools (z. B. Google Analytics) verwendet werden, helfen sie uns, den Website-Verkehr zu analysieren.<\/span><\/font><\/p>\n<p><font color=\"#333333\" face=\"Verdana, Geneva, sans-serif\"><span style=\"font-size: 10px;\"><b>4. Datenweitergabe an Dritte<\/b><\/span><\/font><span style=\"font-size: 10px; color: rgb(51, 51, 51); font-family: Verdana, Geneva, sans-serif;\">&nbsp;<\/span><\/p>\n<p><span style=\"font-size: 10px; color: rgb(51, 51, 51); font-family: Verdana, Geneva, sans-serif;\"><\/span><span style=\"font-size: 10px; color: rgb(51, 51, 51); font-family: Verdana, Geneva, sans-serif;\">Wir geben Ihre personenbezogenen Daten nicht an Dritte weiter, es sei denn:<\/span><\/p><p><font color=\"#333333\" face=\"Verdana, Geneva, sans-serif\"><span style=\"font-size: 10px;\">Es ist gesetzlich vorgeschrieben.<\/span><\/font><\/p><p><font color=\"#333333\" face=\"Verdana, Geneva, sans-serif\"><span style=\"font-size: 10px;\">Es ist zur Erf\u00fcllung eines Vertrags erforderlich.<\/span><\/font><\/p><p><font color=\"#333333\" face=\"Verdana, Geneva, sans-serif\"><span style=\"font-size: 10px;\">Sie haben ausdr\u00fccklich zugestimmt.<\/span><\/font><\/p>\n<p><font color=\"#333333\" face=\"Verdana, Geneva, sans-serif\"><span style=\"font-size: 10px;\"><b>5. Datenspeicherung und L\u00f6schung<\/b>:&nbsp;Wir speichern Ihre personenbezogenen Daten nur so lange, wie es f\u00fcr den Zweck der Erhebung erforderlich ist oder um gesetzliche Aufbewahrungsfristen einzuhalten. Sobald der Zweck entf\u00e4llt, werden die Daten gel\u00f6scht.<\/span><\/font><\/p>\n<p><font color=\"#333333\" face=\"Verdana, Geneva, sans-serif\"><span style=\"font-size: 10px;\"><b>6. Ihre Rechte<\/b><\/span><\/font><\/p>\n<p><font color=\"#333333\" face=\"Verdana, Geneva, sans-serif\"><span style=\"font-size: 10px;\"><b><\/b><\/span><\/font><span style=\"font-size: 10px; color: rgb(51, 51, 51); font-family: Verdana, Geneva, sans-serif;\">Sie haben folgende Rechte in Bezug auf Ihre personenbezogenen Daten:<\/span><\/p><p><font color=\"#333333\" face=\"Verdana, Geneva, sans-serif\"><span style=\"font-size: 10px;\">Auskunftsrecht (Art. 15 DSGVO)<\/span><\/font><\/p><p><font color=\"#333333\" face=\"Verdana, Geneva, sans-serif\"><span style=\"font-size: 10px;\">Recht auf Berichtigung (Art. 16 DSGVO)<\/span><\/font><\/p><p><font color=\"#333333\" face=\"Verdana, Geneva, sans-serif\"><span style=\"font-size: 10px;\">Recht auf L\u00f6schung (&#8220;Recht auf Vergessenwerden&#8221;) (Art. 17 DSGVO)<\/span><\/font><\/p><p><font color=\"#333333\" face=\"Verdana, Geneva, sans-serif\"><span style=\"font-size: 10px;\">Recht auf Einschr\u00e4nkung der Verarbeitung (Art. 18 DSGVO)<\/span><\/font><\/p><p><font color=\"#333333\" face=\"Verdana, Geneva, sans-serif\"><span style=\"font-size: 10px;\">Recht auf Daten\u00fcbertragbarkeit (Art. 20 DSGVO)<\/span><\/font><\/p><p><font color=\"#333333\" face=\"Verdana, Geneva, sans-serif\"><span style=\"font-size: 10px;\">Widerspruchsrecht (Art. 21 DSGVO)<\/span><\/font><\/p><p><font color=\"#333333\" face=\"Verdana, Geneva, sans-serif\"><span style=\"font-size: 10px;\">Um diese Rechte auszu\u00fcben, kontaktieren Sie uns bitte unter schlosserei@schnabelundsass.de<\/span><\/font><\/p>\n<p><font color=\"#333333\" face=\"Verdana, Geneva, sans-serif\"><span style=\"font-size: 10px;\"><b>7. Datensicherheit<\/b><\/span><\/font><\/p><p><font color=\"#333333\" face=\"Verdana, Geneva, sans-serif\"><span style=\"font-size: 10px;\">Wir setzen technische und organisatorische Ma\u00dfnahmen ein, um Ihre Daten vor unbefugtem Zugriff, Verlust oder Missbrauch zu sch\u00fctzen.<\/span><\/font><\/p>\n<p><font color=\"#333333\" face=\"Verdana, Geneva, sans-serif\"><span style=\"font-size: 10px;\"><b>8. \u00c4nderungen dieser Datenschutzerkl\u00e4rung<\/b><\/span><\/font><\/p><p><font color=\"#333333\" face=\"Verdana, Geneva, sans-serif\"><span style=\"font-size: 10px;\">Wir k\u00f6nnen diese Datenschutzerkl\u00e4rung aktualisieren, um gesetzlichen Anforderungen zu entsprechen. Die neueste Version ist jederzeit auf unserer Website verf\u00fcgbar.<\/span><\/font><\/p>\n<p><font color=\"#333333\" face=\"Verdana, Geneva, sans-serif\"><span style=\"font-size: 10px;\">Letzte Aktualisierung: 11.02.2025<\/span><\/font><\/p>\n<p><span\u00a0style=\"color: rgb(51,=\"\" 51,=\"\" 51);=\"\" font-family:=\"\" verdana,=\"\" geneva,=\"\" sans-serif;=\"\" font-size:=\"\" 10px;=\"\" background-color:=\"\" rgb(255,=\"\" 255,=\"\" 255);\"=\"\"><br style=\"color: rgb(51, 51, 51); font-family: Verdana, Geneva, sans-serif; font-size: 10px; background-color: rgb(255, 255, 255);\"><\/span\u00a0style=\"color:><\/p>\n\n\n\n\n\n","protected":false},"excerpt":{"rendered":"","protected":false},"author":1,"featured_media":0,"parent":0,"menu_order":0,"comment_status":"closed","ping_status":"closed","template":"","meta":{"_siteseo_robots_primary_cat":"","pagelayer_contact_templates":[],"_pagelayer_content":"","footnotes":""},"class_list":["post-308","page","type-page","status-publish","hentry"],"_links":{"self":[{"href":"http:\/\/schlosserei-hamburg.de\/index.php?rest_route=\/wp\/v2\/pages\/308","targetHints":{"allow":["GET"]}}],"collection":[{"href":"http:\/\/schlosserei-hamburg.de\/index.php?rest_route=\/wp\/v2\/pages"}],"about":[{"href":"http:\/\/schlosserei-hamburg.de\/index.php?rest_route=\/wp\/v2\/types\/page"}],"author":[{"embeddable":true,"href":"http:\/\/schlosserei-hamburg.de\/index.php?rest_route=\/wp\/v2\/users\/1"}],"replies":[{"embeddable":true,"href":"http:\/\/schlosserei-hamburg.de\/index.php?rest_route=%2Fwp%2Fv2%2Fcomments&post=308"}],"version-history":[{"count":7,"href":"http:\/\/schlosserei-hamburg.de\/index.php?rest_route=\/wp\/v2\/pages\/308\/revisions"}],"predecessor-version":[{"id":432,"href":"http:\/\/schlosserei-hamburg.de\/index.php?rest_route=\/wp\/v2\/pages\/308\/revisions\/432"}],"wp:attachment":[{"href":"http:\/\/schlosserei-hamburg.de\/index.php?rest_route=%2Fwp%2Fv2%2Fmedia&parent=308"}],"curies":[{"name":"wp","href":"https:\/\/api.w.org\/{rel}","templated":true}]}}