{"id":37,"date":"2025-01-14T02:32:27","date_gmt":"2025-01-14T02:32:27","guid":{"rendered":"http:\/\/schlosserei-hamburg.de\/?page_id=37"},"modified":"2025-02-13T10:34:29","modified_gmt":"2025-02-13T10:34:29","slug":"home","status":"publish","type":"page","link":"http:\/\/schlosserei-hamburg.de\/","title":{"rendered":"Home"},"content":{"rendered":"\n\n\n<h6><span style=\"font-weight: normal; color: rgb(255, 255, 255);\">&nbsp; Seit \u00fcber 100 Jahren s<span style=\"color:#ffffff;\"><\/span>tehen wir f\u00fcr Qualit\u00e4t<\/span><\/h6>\n<h3 style=\"color: rgb(255, 255, 255);\">&nbsp;Schnabel und Sass GmbH<\/h3>\n\n\n\n\n\n\n\n\n\n\n<h5 style=\"color: rgb(0, 41, 102);\">Willkommen bei der Schnabel und Sass GmbH !<\/h5><h5>0<\/h5>\n<p>Seit \u00fcber 100 Jahren stehen wir f\u00fcr Qualit\u00e4t, Zuverl\u00e4ssigkeit und ma\u00dfgeschneiderte Sonderanfertigungen aller Art. Ihr Vorhaben ist uns wichtig. Deswegen z\u00f6gern Sie nicht und besprechen mit uns Ihr pers\u00f6nliches Anliegen. Unsere Kompetenzen in Schlosserei, Blech- und Edelstahlverarbeitung sowie Feineisen- und Apparatebau stehen zu Ihren Diensten.<\/p><p><br><\/p><p>Rufen Sie uns an und profitieren Sie von unserer Erfahrung als Meisterbetrieb, unserer fachm\u00e4nnischen Kompetenz und unserem Ideenreichtum.<\/p>\n\n\n\n\n\n<h5 style=\"box-sizing: border-box; padding: 0px; margin: 0px; overflow-wrap: break-word; font-family: Poppins; font-size: 18px; line-height: 1.3; color: rgb(255, 255, 255); font-weight: 600;\"><span style=\"box-sizing: border-box; padding: 0px; margin: 0px; overflow-wrap: break-word; font-weight: normal;\">Seit 1906 Ihre Schlosserei Metalbau in Hamburg<\/span><\/h5>\n\n\n\n\n<h5 style=\"color: rgb(0, 41, 102);\">Leistungen<\/h5>\n<p style=\"text-align: left;\">Unser erfahrenes Team liefert pr\u00e4zise Bearbeitung und Montage f\u00fcr sowohl kleine als auch gro\u00df angelegte Auftr\u00e4ge. Wir bieten au\u00dferdem umfassende Designunterst\u00fctzung, um sicherzustellen, dass Ihre Metallprodukte h\u00f6chsten Qualit\u00e4ts- und Funktionsstandards entsprechen.<\/p>\n\n\n\nGel\u00e4nder, Pforten, Z\u00e4une\nTreppen\nHandl\u00e4ufe\nVord\u00e4cher\/\u00dcberdachungen\n\n\n\n\nRammschutz\nSchr\u00e4nke\/S\u00e4ulen\nSonstiges\n\n\n\n\n\n\n\n\n\n\n\n\n<h5><br><\/h5>\n<h2>Metallbau<\/h2>\n<p style=\"text-align: center;\">&#8220;Maximaler Schutz, jederzeit sicher \u2013 Ihr Rammschutz!&#8221;<\/p>\n\n\n\n\n<h2 style=\"color: rgb(0, 41, 102);\">Galerie<\/h2>\n\n\n\n\n\n\n\n","protected":false},"excerpt":{"rendered":"","protected":false},"author":1,"featured_media":0,"parent":0,"menu_order":0,"comment_status":"closed","ping_status":"closed","template":"","meta":{"_siteseo_robots_primary_cat":"","pagelayer_contact_templates":[],"_pagelayer_content":"","footnotes":""},"class_list":["post-37","page","type-page","status-publish","hentry"],"_links":{"self":[{"href":"http:\/\/schlosserei-hamburg.de\/index.php?rest_route=\/wp\/v2\/pages\/37","targetHints":{"allow":["GET"]}}],"collection":[{"href":"http:\/\/schlosserei-hamburg.de\/index.php?rest_route=\/wp\/v2\/pages"}],"about":[{"href":"http:\/\/schlosserei-hamburg.de\/index.php?rest_route=\/wp\/v2\/types\/page"}],"author":[{"embeddable":true,"href":"http:\/\/schlosserei-hamburg.de\/index.php?rest_route=\/wp\/v2\/users\/1"}],"replies":[{"embeddable":true,"href":"http:\/\/schlosserei-hamburg.de\/index.php?rest_route=%2Fwp%2Fv2%2Fcomments&post=37"}],"version-history":[{"count":113,"href":"http:\/\/schlosserei-hamburg.de\/index.php?rest_route=\/wp\/v2\/pages\/37\/revisions"}],"predecessor-version":[{"id":575,"href":"http:\/\/schlosserei-hamburg.de\/index.php?rest_route=\/wp\/v2\/pages\/37\/revisions\/575"}],"wp:attachment":[{"href":"http:\/\/schlosserei-hamburg.de\/index.php?rest_route=%2Fwp%2Fv2%2Fmedia&parent=37"}],"curies":[{"name":"wp","href":"https:\/\/api.w.org\/{rel}","templated":true}]}}