{"id":38,"date":"2025-01-14T02:32:27","date_gmt":"2025-01-14T02:32:27","guid":{"rendered":"http:\/\/schlosserei-hamburg.de\/?page_id=38"},"modified":"2025-02-12T21:32:50","modified_gmt":"2025-02-12T21:32:50","slug":"services","status":"publish","type":"page","link":"http:\/\/schlosserei-hamburg.de\/?page_id=38","title":{"rendered":"Service"},"content":{"rendered":"\n\n\n<h2 style=\"color: rgb(255, 255, 255);\">Service<\/h2>\n<p style=\"text-align: center;\"><span style=\"color: rgb(255, 255, 255);\">Unser erfahrenes Team liefert pr\u00e4zise Bearbeitung und Montage f\u00fcr sowohl kleine als auch gro\u00df angelegte Auftr\u00e4ge. Wir bieten au\u00dferdem umfassende Designunterst\u00fctzung, um sicherzustellen, dass Ihre Metallprodukte h\u00f6chsten Qualit\u00e4ts- und Funktionsstandards entsprechen.<\/span>\n\n<\/p>\n\n\n\n\n\n\n<p style=\"text-align: left;\">Unser erfahrenes Team liefert pr\u00e4zise Bearbeitung und Montage f\u00fcr sowohl kleine als auch gro\u00df angelegte Auftr\u00e4ge. Wir bieten au\u00dferdem umfassende Designunterst\u00fctzung, um sicherzustellen, dass Ihre Metallprodukte h\u00f6chsten Qualit\u00e4ts- und Funktionsstandards entsprechen.<\/p>\n\n\n\nGel\u00e4nder, Pforten, Z\u00e4une\nTreppen\nHandl\u00e4ufe\nVord\u00e4cher\/\u00dcberdachungen\n\n\n\n\nRammschutz\nSchr\u00e4nke\/S\u00e4ulen\nSonstiges\nSpezialprodukte\n\n\n\n\n\n\n\n\n\n\n\n\n\n\n\n\n\n\n\n\n\n\n\n","protected":false},"excerpt":{"rendered":"","protected":false},"author":1,"featured_media":0,"parent":0,"menu_order":0,"comment_status":"closed","ping_status":"closed","template":"","meta":{"_siteseo_robots_primary_cat":"","pagelayer_contact_templates":[],"_pagelayer_content":"","footnotes":""},"class_list":["post-38","page","type-page","status-publish","hentry"],"_links":{"self":[{"href":"http:\/\/schlosserei-hamburg.de\/index.php?rest_route=\/wp\/v2\/pages\/38","targetHints":{"allow":["GET"]}}],"collection":[{"href":"http:\/\/schlosserei-hamburg.de\/index.php?rest_route=\/wp\/v2\/pages"}],"about":[{"href":"http:\/\/schlosserei-hamburg.de\/index.php?rest_route=\/wp\/v2\/types\/page"}],"author":[{"embeddable":true,"href":"http:\/\/schlosserei-hamburg.de\/index.php?rest_route=\/wp\/v2\/users\/1"}],"replies":[{"embeddable":true,"href":"http:\/\/schlosserei-hamburg.de\/index.php?rest_route=%2Fwp%2Fv2%2Fcomments&post=38"}],"version-history":[{"count":78,"href":"http:\/\/schlosserei-hamburg.de\/index.php?rest_route=\/wp\/v2\/pages\/38\/revisions"}],"predecessor-version":[{"id":483,"href":"http:\/\/schlosserei-hamburg.de\/index.php?rest_route=\/wp\/v2\/pages\/38\/revisions\/483"}],"wp:attachment":[{"href":"http:\/\/schlosserei-hamburg.de\/index.php?rest_route=%2Fwp%2Fv2%2Fmedia&parent=38"}],"curies":[{"name":"wp","href":"https:\/\/api.w.org\/{rel}","templated":true}]}}