{"id":39,"date":"2025-01-14T02:32:27","date_gmt":"2025-01-14T02:32:27","guid":{"rendered":"http:\/\/schlosserei-hamburg.de\/?page_id=39"},"modified":"2025-02-12T21:29:15","modified_gmt":"2025-02-12T21:29:15","slug":"about-us","status":"publish","type":"page","link":"http:\/\/schlosserei-hamburg.de\/?page_id=39","title":{"rendered":"\u00dcber uns"},"content":{"rendered":"\n\n\n<h2><span style=\"color:#002966;\">\u00dcber uns<\/span>\n<\/h2>\n<p style=\"text-align: center; color: rgb(0, 41, 102);\"><span style=\"color: rgb(0, 41, 102);\">Ihr Team von Schnabel und Sass G<span style=\"color:#002966;\"><\/span>mbH<\/span><\/p>\n\n\n\n\n<h2>Schnabel &#038; Sass GmbH\n<\/h2>\n<p>Seit \u00fcber 100 Jahren stehen wir f\u00fcr Qualit\u00e4t, Zuverl\u00e4ssigkeit und ma\u00dfgeschneiderte Sonderanfertigungen aller Art. Ihr Vorhaben ist uns wichtig. Deswegen z\u00f6gern Sie nicht und besprechen mit uns Ihr pers\u00f6nliches Anliegen. Unsere Kompetenzen in Schlosserei, Blech- und Edelstahlverarbeitung sowie Feineisen- und Apparatebau stehen zu Ihren Diensten.<\/p><p><br><\/p><p>Rufen Sie uns an und profitieren Sie von unserer Erfahrung als Meisterbetrieb, unserer fachm\u00e4nnischen Kompetenz und unserem Ideenreichtum.<\/p>\n<p><br><\/p>\n<p><br><\/p>\n\n\n\n\n\n\n\n<h6>Willkommen bei der Schnabel und Sass GmbH !<\/h6>\n\n\n\n\n<span style=\"color:#002966;\">Rufen Sie uns an und profitieren Sie von unserer Erfahrung als Meisterbetrieb, unserer fachm\u00e4nnischen Kompetenz und unserem Ideenreichtum.<\/span>\n\n\n\n<p><br><\/p><p>Mit freundlichen Gr\u00fc\u00dfen<\/p><p>Ihr Team von Schnabel und Sass GmbH<\/p>\n\n\n\n\n","protected":false},"excerpt":{"rendered":"","protected":false},"author":1,"featured_media":0,"parent":0,"menu_order":0,"comment_status":"closed","ping_status":"closed","template":"","meta":{"_siteseo_robots_primary_cat":"","pagelayer_contact_templates":[],"_pagelayer_content":"","footnotes":""},"class_list":["post-39","page","type-page","status-publish","hentry"],"_links":{"self":[{"href":"http:\/\/schlosserei-hamburg.de\/index.php?rest_route=\/wp\/v2\/pages\/39","targetHints":{"allow":["GET"]}}],"collection":[{"href":"http:\/\/schlosserei-hamburg.de\/index.php?rest_route=\/wp\/v2\/pages"}],"about":[{"href":"http:\/\/schlosserei-hamburg.de\/index.php?rest_route=\/wp\/v2\/types\/page"}],"author":[{"embeddable":true,"href":"http:\/\/schlosserei-hamburg.de\/index.php?rest_route=\/wp\/v2\/users\/1"}],"replies":[{"embeddable":true,"href":"http:\/\/schlosserei-hamburg.de\/index.php?rest_route=%2Fwp%2Fv2%2Fcomments&post=39"}],"version-history":[{"count":49,"href":"http:\/\/schlosserei-hamburg.de\/index.php?rest_route=\/wp\/v2\/pages\/39\/revisions"}],"predecessor-version":[{"id":489,"href":"http:\/\/schlosserei-hamburg.de\/index.php?rest_route=\/wp\/v2\/pages\/39\/revisions\/489"}],"wp:attachment":[{"href":"http:\/\/schlosserei-hamburg.de\/index.php?rest_route=%2Fwp%2Fv2%2Fmedia&parent=39"}],"curies":[{"name":"wp","href":"https:\/\/api.w.org\/{rel}","templated":true}]}}